{"id":487,"date":"2025-05-20T14:16:07","date_gmt":"2025-05-20T14:16:07","guid":{"rendered":"https:\/\/latvianadventureagency.lv\/?post_type=product&#038;p=487"},"modified":"2025-10-05T08:36:50","modified_gmt":"2025-10-05T08:36:50","slug":"iepazisti-vidzemi","status":"publish","type":"product","link":"https:\/\/latvianadventureagency.lv\/en\/product\/iepazisti-vidzemi\/","title":{"rendered":"Vidzeme \u2013 where waters grind, hands create, and memories live"},"content":{"rendered":"<p> \ud83e\udeb5 Meistara st\u0101sts un ozolkoka muca<\/p>\n<p> S\u0101ksim ar vietu, kur ozolkoka d\u0113\u013ci p\u0101rtop \u012bst\u0101s muc\u0101s. Redz\u0113sim senos r\u012bkus, iepaz\u012bsim arodu, kas k\u013c\u016bst par retumu, un v\u0113rosim pa\u0161u meistaru darb\u012bb\u0101. T\u0101 ir ne tikai amata prasme \u2013 t\u0101 ir dz\u012bves m\u0101ksla, ko nodod no rokas rok\u0101. <\/br><\/p>\n<p>\ud83d\udca7 Dzirnavas, kur \u016bdens k\u013c\u016bst par sp\u0113ku<\/p>\n<p>Senlaic\u012bgas dzirnavas, kur joproj\u0101m tiek malti graudi un verpta vilna \u2013 \u016bdens ritm\u0101, k\u0101 sen\u0101k. Ieskat\u012bsimies senaj\u0101s tehnolo\u0123ij\u0101s un sa\u0146emsim lauku mieru ar s\u0101t\u012bg\u0101m pusdien\u0101m, kas gatavotas no viet\u0113j\u0101 labuma. <\/br><\/p>\n<p>\ud83c\udf3f Gardumi, kas s\u0101kas d\u0101rz\u0101 \u2013 biolo\u0123isk\u0101 saimniec\u012bba<\/p>\n<p> Cidonijas, rabarberi, piparm\u0113tras \u2013 viss s\u0101kas dob\u0113, bet p\u0101rtop vesel\u012bgos s\u012brupos un krauk\u0161\u0137\u012bgos k\u0101rumos. Uzzin\u0101sim, kas ir liofiliz\u0101cija, un baud\u012bsim dab\u012bgu gar\u0161u sp\u0113li. Ekskursija, st\u0101sti un degust\u0101cija. <\/br><\/p>\n<p>\ud83c\udffa Lauku s\u0113ta ar atmi\u0146u sp\u0113ku<\/p>\n<p> Pla\u0161a senlietu kolekcija, kur katrs priek\u0161mets st\u0101sta par lauku dz\u012bves ritmu sen\u0101kos laikos \u2013 darba r\u012bki, sadz\u012bves priek\u0161meti, atmosf\u0113ra k\u0101 no senajiem laikiem.\u0160eit laiks apst\u0101jas un \u013cauj vienk\u0101r\u0161i b\u016bt. <\/br><\/p>\n<p>\ud83d\ude90 Ce\u013c\u0161, kas atkl\u0101jas br\u012bd\u012b, kad taj\u0101 esi<\/p>\n<p> Pieturvietas? T\u0101s nosaka diena. Skaist\u0101k\u0101s vietas nav kart\u0113 \u2013 t\u0101s dz\u012bvo mirkl\u012b. <\/br><\/p>","protected":false},"excerpt":{"rendered":"<p>Aicin\u0101m Tevi doties piedz\u012bvojum\u0101 uz Vidzemi \u2013 re\u0123ionu, kur joproj\u0101m dz\u012bva ir prasme rad\u012bt<\/p>","protected":false},"featured_media":2094,"comment_status":"open","ping_status":"closed","template":"","meta":{"_acf_changed":false,"_eb_attr":"","site-sidebar-layout":"default","site-content-layout":"","ast-site-content-layout":"default","site-content-style":"default","site-sidebar-style":"default","ast-global-header-display":"","ast-banner-title-visibility":"","ast-main-header-display":"","ast-hfb-above-header-display":"","ast-hfb-below-header-display":"","ast-hfb-mobile-header-display":"","site-post-title":"","ast-breadcrumbs-content":"","ast-featured-img":"","footer-sml-layout":"","ast-disable-related-posts":"","theme-transparent-header-meta":"default","adv-header-id-meta":"","stick-header-meta":"","header-above-stick-meta":"","header-main-stick-meta":"","header-below-stick-meta":"","astra-migrate-meta-layouts":"set","ast-page-background-enabled":"default","ast-page-background-meta":{"desktop":{"background-color":"var(--ast-global-color-5)","background-image":"","background-repeat":"repeat","background-position":"center center","background-size":"auto","background-attachment":"scroll","background-type":"","background-media":"","overlay-type":"","overlay-color":"","overlay-opacity":"","overlay-gradient":""},"tablet":{"background-color":"","background-image":"","background-repeat":"repeat","background-position":"center center","background-size":"auto","background-attachment":"scroll","background-type":"","background-media":"","overlay-type":"","overlay-color":"","overlay-opacity":"","overlay-gradient":""},"mobile":{"background-color":"","background-image":"","background-repeat":"repeat","background-position":"center center","background-size":"auto","background-attachment":"scroll","background-type":"","background-media":"","overlay-type":"","overlay-color":"","overlay-opacity":"","overlay-gradient":""}},"ast-content-background-meta":{"desktop":{"background-color":"var(--ast-global-color-4)","background-image":"","background-repeat":"repeat","background-position":"center center","background-size":"auto","background-attachment":"scroll","background-type":"","background-media":"","overlay-type":"","overlay-color":"","overlay-opacity":"","overlay-gradient":""},"tablet":{"background-color":"var(--ast-global-color-4)","background-image":"","background-repeat":"repeat","background-position":"center center","background-size":"auto","background-attachment":"scroll","background-type":"","background-media":"","overlay-type":"","overlay-color":"","overlay-opacity":"","overlay-gradient":""},"mobile":{"background-color":"var(--ast-global-color-4)","background-image":"","background-repeat":"repeat","background-position":"center center","background-size":"auto","background-attachment":"scroll","background-type":"","background-media":"","overlay-type":"","overlay-color":"","overlay-opacity":"","overlay-gradient":""}},"_glsr_average":0,"_glsr_ranking":0,"_glsr_reviews":0},"product_brand":[],"product_cat":[39],"product_tag":[],"class_list":{"0":"post-487","1":"product","2":"type-product","3":"status-publish","4":"has-post-thumbnail","6":"product_cat-vidzeme","7":"desktop-align-left","8":"tablet-align-left","9":"mobile-align-left","11":"first","12":"instock","13":"shipping-taxable","14":"product-type-simple"},"acf":[],"_links":{"self":[{"href":"https:\/\/latvianadventureagency.lv\/en\/wp-json\/wp\/v2\/product\/487","targetHints":{"allow":["GET"]}}],"collection":[{"href":"https:\/\/latvianadventureagency.lv\/en\/wp-json\/wp\/v2\/product"}],"about":[{"href":"https:\/\/latvianadventureagency.lv\/en\/wp-json\/wp\/v2\/types\/product"}],"replies":[{"embeddable":true,"href":"https:\/\/latvianadventureagency.lv\/en\/wp-json\/wp\/v2\/comments?post=487"}],"wp:featuredmedia":[{"embeddable":true,"href":"https:\/\/latvianadventureagency.lv\/en\/wp-json\/wp\/v2\/media\/2094"}],"wp:attachment":[{"href":"https:\/\/latvianadventureagency.lv\/en\/wp-json\/wp\/v2\/media?parent=487"}],"wp:term":[{"taxonomy":"product_brand","embeddable":true,"href":"https:\/\/latvianadventureagency.lv\/en\/wp-json\/wp\/v2\/product_brand?post=487"},{"taxonomy":"product_cat","embeddable":true,"href":"https:\/\/latvianadventureagency.lv\/en\/wp-json\/wp\/v2\/product_cat?post=487"},{"taxonomy":"product_tag","embeddable":true,"href":"https:\/\/latvianadventureagency.lv\/en\/wp-json\/wp\/v2\/product_tag?post=487"}],"curies":[{"name":"wp","href":"https:\/\/api.w.org\/{rel}","templated":true}]}}