{"id":485,"date":"2025-05-20T14:13:52","date_gmt":"2025-05-20T14:13:52","guid":{"rendered":"https:\/\/latvianadventureagency.lv\/?post_type=product&#038;p=485"},"modified":"2025-10-05T08:37:36","modified_gmt":"2025-10-05T08:37:36","slug":"iepazisti-kurzemi","status":"publish","type":"product","link":"https:\/\/latvianadventureagency.lv\/en\/product\/iepazisti-kurzemi\/","title":{"rendered":"Livonian Coast Day"},"content":{"rendered":"<p> Pilnas dienas pieredze \u2013 j\u016bras st\u0101sti, zvejnieku dz\u012bve un l\u012bbie\u0161u dv\u0113sele. <\/br><\/p>\n<p> \u2693 1. No enkura l\u012bdz t\u012bklam \u2013 r\u012bta st\u0101sti zvejnieku s\u0113t\u0101.<\/p>\n<p>\ud83d\udd38 Vieso\u0161an\u0101s piej\u016bras zvejnieku s\u0113t\u0101 \u2013 viet\u0101, kur v\u0113j\u0161 smar\u017eo p\u0113c j\u016bras, un katrs priek\u0161mets glab\u0101 st\u0101stu<\/p>\n<p>\ud83d\udd38 Aizraujo\u0161s ce\u013cojums laik\u0101 ar piekrastes saimnieci \u2013 st\u0101sti t\u0101mnieku dialekt\u0101, smiekli, atmi\u0146as un j\u016bras dz\u012bves gudr\u012bba<\/p>\n<p>\ud83d\udd38 Pab\u016bsim pie j\u016bras, sajut\u012bsim sen\u0101s zvejnieku dienas ritmu \u2013 k\u0101 dz\u012bvoja, str\u0101d\u0101ja un jokoj\u0101s piekrastes \u013caudis<\/p>\n<p>\ud83d\udd38 Pie galda m\u016bs sagaida zvejnieku pusdienas k\u0101 no senlaikiem \u2013 uz vietas gatavoti \u0113dieni, kuros saklaus\u0101ms gan om\u012btes padoms, gan j\u016bras gars<\/p>\n<p>\ud83d\udd38 Viss tiek pasniegts ar dz\u012bv\u012bgu humora devu un sirsn\u012bbu, k\u0101du iesp\u0113jams piedz\u012bvot tikai \u0161aj\u0101 piekrastes st\u016br\u012bt\u012b <\/br><\/p>\n<p>\ud83c\udf0a 2. Valodas vilnis \u2013 kult\u016bras pietura<\/p>\n<p>\ud83d\udd38 Ce\u013cosim v\u0113l dzi\u013c\u0101k \u2013 iepaz\u012bsim l\u012bbie\u0161u tautas v\u0113stures, valodas un kult\u016bras bag\u0101t\u012bbu<\/p>\n<p>\ud83d\udd38 Dzird\u0113sim, k\u0101 skan l\u012bbie\u0161u valoda, redz\u0113sim att\u0113lus, priek\u0161metus un st\u0101stus, kas atkl\u0101j, cik bag\u0101ta un dz\u012bvotsp\u0113j\u012bga bijusi un ir \u0161\u012b tauta <\/br><\/p>\n<p>\ud83e\udeb5 3. No s\u0113tas l\u012bdz sirdij \u2013 p\u0113cpusdiena l\u012bbie\u0161u m\u0101j\u0101s<\/p>\n<p>\ud83d\udd38 Vieso\u0161an\u0101s sen\u0101 l\u012bbie\u0161u s\u0113t\u0101 pie j\u016bras \u2013 st\u0101sti, vide un sirds siltums<\/p>\n<p>\ud83d\udd38 Izzino\u0161a l\u012bbie\u0161u uzkodu baud\u012b\u0161ana \u2013 gar\u0161as, kas st\u0101sta par piekrastes dz\u012bvesveidu un j\u016bras kl\u0101tb\u016btni<\/p>\n<p>\ud83d\udd38 Vakara malt\u012bte \u2013 sen\u010du iedvesmota viesm\u012bl\u012bba, kas apvieno vienk\u0101r\u0161\u012bbu, s\u0101t\u012bgumu un gar\u0161as st\u0101stus no laikiem, kad \u0113diens tika gatavots ar rok\u0101m un m\u012blest\u012bbu<\/p>\n<p>\ud83d\udd38 L\u012bbie\u0161u salduma nosl\u0113pums \u2013 viesm\u012bl\u012bbas ritu\u0101ls, ko paz\u012bst tikai \u0161eit, un kas glab\u0101 sev\u012b gan simboliku, gan m\u0101ju saj\u016btu <\/br><\/p>","protected":false},"excerpt":{"rendered":"<p>Aicin\u0101m doties \u012bpa\u0161\u0101 ce\u013cojum\u0101 gar Latvijas zieme\u013crietumu piekrasti \u2014 senaj\u0101 l\u012bbie\u0161u zem\u0113<\/p>","protected":false},"featured_media":2091,"comment_status":"open","ping_status":"closed","template":"","meta":{"_acf_changed":false,"_eb_attr":"","site-sidebar-layout":"default","site-content-layout":"","ast-site-content-layout":"default","site-content-style":"default","site-sidebar-style":"default","ast-global-header-display":"","ast-banner-title-visibility":"","ast-main-header-display":"","ast-hfb-above-header-display":"","ast-hfb-below-header-display":"","ast-hfb-mobile-header-display":"","site-post-title":"","ast-breadcrumbs-content":"","ast-featured-img":"","footer-sml-layout":"","ast-disable-related-posts":"","theme-transparent-header-meta":"default","adv-header-id-meta":"","stick-header-meta":"","header-above-stick-meta":"","header-main-stick-meta":"","header-below-stick-meta":"","astra-migrate-meta-layouts":"set","ast-page-background-enabled":"default","ast-page-background-meta":{"desktop":{"background-color":"var(--ast-global-color-5)","background-image":"","background-repeat":"repeat","background-position":"center center","background-size":"auto","background-attachment":"scroll","background-type":"","background-media":"","overlay-type":"","overlay-color":"","overlay-opacity":"","overlay-gradient":""},"tablet":{"background-color":"","background-image":"","background-repeat":"repeat","background-position":"center center","background-size":"auto","background-attachment":"scroll","background-type":"","background-media":"","overlay-type":"","overlay-color":"","overlay-opacity":"","overlay-gradient":""},"mobile":{"background-color":"","background-image":"","background-repeat":"repeat","background-position":"center center","background-size":"auto","background-attachment":"scroll","background-type":"","background-media":"","overlay-type":"","overlay-color":"","overlay-opacity":"","overlay-gradient":""}},"ast-content-background-meta":{"desktop":{"background-color":"var(--ast-global-color-4)","background-image":"","background-repeat":"repeat","background-position":"center center","background-size":"auto","background-attachment":"scroll","background-type":"","background-media":"","overlay-type":"","overlay-color":"","overlay-opacity":"","overlay-gradient":""},"tablet":{"background-color":"var(--ast-global-color-4)","background-image":"","background-repeat":"repeat","background-position":"center center","background-size":"auto","background-attachment":"scroll","background-type":"","background-media":"","overlay-type":"","overlay-color":"","overlay-opacity":"","overlay-gradient":""},"mobile":{"background-color":"var(--ast-global-color-4)","background-image":"","background-repeat":"repeat","background-position":"center center","background-size":"auto","background-attachment":"scroll","background-type":"","background-media":"","overlay-type":"","overlay-color":"","overlay-opacity":"","overlay-gradient":""}},"_glsr_average":0,"_glsr_ranking":0,"_glsr_reviews":0},"product_brand":[],"product_cat":[40],"product_tag":[],"class_list":{"0":"post-485","1":"product","2":"type-product","3":"status-publish","4":"has-post-thumbnail","6":"product_cat-kurzeme","7":"desktop-align-left","8":"tablet-align-left","9":"mobile-align-left","11":"first","12":"instock","13":"shipping-taxable","14":"product-type-simple"},"acf":[],"_links":{"self":[{"href":"https:\/\/latvianadventureagency.lv\/en\/wp-json\/wp\/v2\/product\/485","targetHints":{"allow":["GET"]}}],"collection":[{"href":"https:\/\/latvianadventureagency.lv\/en\/wp-json\/wp\/v2\/product"}],"about":[{"href":"https:\/\/latvianadventureagency.lv\/en\/wp-json\/wp\/v2\/types\/product"}],"replies":[{"embeddable":true,"href":"https:\/\/latvianadventureagency.lv\/en\/wp-json\/wp\/v2\/comments?post=485"}],"wp:featuredmedia":[{"embeddable":true,"href":"https:\/\/latvianadventureagency.lv\/en\/wp-json\/wp\/v2\/media\/2091"}],"wp:attachment":[{"href":"https:\/\/latvianadventureagency.lv\/en\/wp-json\/wp\/v2\/media?parent=485"}],"wp:term":[{"taxonomy":"product_brand","embeddable":true,"href":"https:\/\/latvianadventureagency.lv\/en\/wp-json\/wp\/v2\/product_brand?post=485"},{"taxonomy":"product_cat","embeddable":true,"href":"https:\/\/latvianadventureagency.lv\/en\/wp-json\/wp\/v2\/product_cat?post=485"},{"taxonomy":"product_tag","embeddable":true,"href":"https:\/\/latvianadventureagency.lv\/en\/wp-json\/wp\/v2\/product_tag?post=485"}],"curies":[{"name":"wp","href":"https:\/\/api.w.org\/{rel}","templated":true}]}}